{"id":162,"date":"2026-02-23T15:46:35","date_gmt":"2026-02-23T14:46:35","guid":{"rendered":"https:\/\/www.planhochzwei.at\/wordpress\/?page_id=162"},"modified":"2026-02-23T15:46:35","modified_gmt":"2026-02-23T14:46:35","slug":"about","status":"publish","type":"page","link":"https:\/\/www.planhochzwei.at\/?page_id=162","title":{"rendered":"\u00dcber uns"},"content":{"rendered":"<div class=\"phz-about\">\n<blockquote class=\"phz-quote\"><p>&quot;Unseren Auftraggeber erwartet ein hochmotiviertes Team, dass konsequent und l\u00f6sungsorientiert an die Aufgabe herantritt und das Optimum aus einem Projekt herausholt&quot;<\/p><\/blockquote>\n<h3>Bmstr. Ing. Alexander Wallnberger, Gr\u00fcnder und Gesch\u00e4ftsf\u00fchrer<\/h3>\n<div class=\"phz-timeline\">\n<div class=\"phz-timeline-item\"><span class=\"phz-year\">2000<\/span><span class=\"phz-text\">Matura HTBLuVA M\u00f6dling, Abteilung Hochbau<\/span><\/div>\n<div class=\"phz-timeline-item\"><span class=\"phz-year\">2000<\/span><span class=\"phz-text\">Technischer Zeichner bei den Architekten Peretti &amp; Peretti<\/span><\/div>\n<div class=\"phz-timeline-item\"><span class=\"phz-year\">2003<\/span><span class=\"phz-text\">Erstellung von Leistungsverzeichnis, Massenermittlung, Kalkulant, Techniker und Bauleiter bei Alpine Bau GmbH<\/span><\/div>\n<div class=\"phz-timeline-item\"><span class=\"phz-year\">2008<\/span><span class=\"phz-text\">Bef\u00e4higungspr\u00fcfung zum Baumeister<\/span><\/div>\n<div class=\"phz-timeline-item\"><span class=\"phz-year\">2011<\/span><span class=\"phz-text\">Bef\u00e4higungspr\u00fcfung zum Arbeitskr\u00e4fte\u00fcberlasser<\/span><\/div>\n<div class=\"phz-timeline-item\"><span class=\"phz-year\">2011<\/span><span class=\"phz-text\">Gr\u00fcndung der Firma Plan\u00b2, Architektur und Baumanagement Baumeister Wallnberger KG<\/span><\/div>\n<div class=\"phz-timeline-item\"><span class=\"phz-year\">2013<\/span><span class=\"phz-text\">Bef\u00e4higungspr\u00fcfung zum Bautr\u00e4ger<\/span><\/div>\n<div class=\"phz-timeline-item\"><span class=\"phz-year\">2016<\/span><span class=\"phz-text\">Bef\u00e4higungspr\u00fcfung zum Makler und Hausverwalter<\/span><\/div>\n<div class=\"phz-timeline-item\"><span class=\"phz-year\">2017<\/span><span class=\"phz-text\">Gr\u00fcndung der Firma IUM, Immobilien und Mehr KG<\/span><\/div>\n<\/div>\n<\/div>\n","protected":false},"excerpt":{"rendered":"<p>&quot;Unseren Auftraggeber erwartet ein hochmotiviertes Team, dass konsequent und l\u00f6sungsorientiert an die Aufgabe herantritt und das Optimum aus einem Projekt herausholt&quot; Bmstr. Ing. Alexander Wallnberger, Gr\u00fcnder und Gesch\u00e4ftsf\u00fchrer 2000Matura HTBLuVA M\u00f6dling, Abteilung Hochbau 2000Technischer Zeichner bei den Architekten Peretti &amp; Peretti 2003Erstellung von Leistungsverzeichnis, Massenermittlung, Kalkulant, Techniker und Bauleiter bei Alpine Bau GmbH 2008Bef\u00e4higungspr\u00fcfung zum [&hellip;]<\/p>\n","protected":false},"author":1,"featured_media":0,"parent":0,"menu_order":0,"comment_status":"closed","ping_status":"closed","template":"","meta":{"footnotes":""},"class_list":["post-162","page","type-page","status-publish","hentry"],"_links":{"self":[{"href":"https:\/\/www.planhochzwei.at\/index.php?rest_route=\/wp\/v2\/pages\/162","targetHints":{"allow":["GET"]}}],"collection":[{"href":"https:\/\/www.planhochzwei.at\/index.php?rest_route=\/wp\/v2\/pages"}],"about":[{"href":"https:\/\/www.planhochzwei.at\/index.php?rest_route=\/wp\/v2\/types\/page"}],"author":[{"embeddable":true,"href":"https:\/\/www.planhochzwei.at\/index.php?rest_route=\/wp\/v2\/users\/1"}],"replies":[{"embeddable":true,"href":"https:\/\/www.planhochzwei.at\/index.php?rest_route=%2Fwp%2Fv2%2Fcomments&post=162"}],"version-history":[{"count":0,"href":"https:\/\/www.planhochzwei.at\/index.php?rest_route=\/wp\/v2\/pages\/162\/revisions"}],"wp:attachment":[{"href":"https:\/\/www.planhochzwei.at\/index.php?rest_route=%2Fwp%2Fv2%2Fmedia&parent=162"}],"curies":[{"name":"wp","href":"https:\/\/api.w.org\/{rel}","templated":true}]}}